{"id":703,"date":"2022-03-17T15:10:28","date_gmt":"2022-03-17T15:10:28","guid":{"rendered":"https:\/\/fashionbusinessmanagement.com\/?page_id=703"},"modified":"2022-05-18T17:27:14","modified_gmt":"2022-05-18T17:27:14","slug":"servicos","status":"publish","type":"page","link":"https:\/\/fashionbusinessmanagement.com\/en\/servicos\/","title":{"rendered":"Services"},"content":{"rendered":"<p><mark style=\"background-color: rgba(0, 0, 0, 0);\" class=\"has-inline-color has-white-color\">Through international marketing strategies, we identify investment and partnerships\u2019 opportunities for international trade fairs participation, business missions on targeted markets, tradeshows and private previews participation, fashion weeks participations (shows, showrooms, activations). We not only identify and manage the attendance but can also be there on clients\u2019 behalf.<\/mark><\/p>","protected":false},"excerpt":{"rendered":"<p>Identifica\u00e7\u00e3o de oportunidades de investimento e parcerias, t\u00e1ticas de marketing internacional, participa\u00e7\u00f5es em feiras sectoriais, miss\u00f5es comerciais de prospe\u00e7\u00e3o aos mercados atrativos para a marca, miss\u00f5es inversas de compradores, organiza\u00e7\u00e3o<span class=\"excerpt-hellip\"> [\u2026]<\/span><\/p>\n","protected":false},"author":1,"featured_media":0,"parent":0,"menu_order":0,"comment_status":"closed","ping_status":"closed","template":"","meta":{"footnotes":""},"class_list":["post-703","page","type-page","status-publish","hentry"],"_links":{"self":[{"href":"https:\/\/fashionbusinessmanagement.com\/en\/wp-json\/wp\/v2\/pages\/703","targetHints":{"allow":["GET"]}}],"collection":[{"href":"https:\/\/fashionbusinessmanagement.com\/en\/wp-json\/wp\/v2\/pages"}],"about":[{"href":"https:\/\/fashionbusinessmanagement.com\/en\/wp-json\/wp\/v2\/types\/page"}],"author":[{"embeddable":true,"href":"https:\/\/fashionbusinessmanagement.com\/en\/wp-json\/wp\/v2\/users\/1"}],"replies":[{"embeddable":true,"href":"https:\/\/fashionbusinessmanagement.com\/en\/wp-json\/wp\/v2\/comments?post=703"}],"version-history":[{"count":1,"href":"https:\/\/fashionbusinessmanagement.com\/en\/wp-json\/wp\/v2\/pages\/703\/revisions"}],"predecessor-version":[{"id":773,"href":"https:\/\/fashionbusinessmanagement.com\/en\/wp-json\/wp\/v2\/pages\/703\/revisions\/773"}],"wp:attachment":[{"href":"https:\/\/fashionbusinessmanagement.com\/en\/wp-json\/wp\/v2\/media?parent=703"}],"curies":[{"name":"wp","href":"https:\/\/api.w.org\/{rel}","templated":true}]}}