{"id":2,"date":"2018-08-24T09:20:39","date_gmt":"2018-08-24T09:20:39","guid":{"rendered":"https:\/\/themes.muffingroup.com\/be\/weddingdresses\/?page_id=2"},"modified":"2025-01-19T16:51:03","modified_gmt":"2025-01-19T16:51:03","slug":"fashion-business-management-consultoria-em-moda","status":"publish","type":"page","link":"https:\/\/fashionbusinessmanagement.com\/en\/","title":{"rendered":"About"},"content":{"rendered":"<div class=\"wpb-content-wrapper\"><div class=\"vc_row wpb_row vc_row-fluid\"><div class=\"wpb_column vc_column_container vc_col-sm-12\"><div class=\"vc_column-inner\"><div class=\"wpb_wrapper\">\n\t<div class=\"wpb_video_widget wpb_content_element vc_clearfix   vc_custom_1721410159279 vc_video-aspect-ratio-169 vc_video-el-width-100 vc_video-align-center\" >\n\t\t<div class=\"wpb_wrapper\">\n\t\t\t\n\t\t\t<div class=\"wpb_video_wrapper\"><iframe loading=\"lazy\" title=\"Gest\u00e3o de Neg\u00f3cios de Moda - Elsa Dion\u00edsio | Fashion Business Management\" width=\"500\" height=\"281\" src=\"https:\/\/www.youtube.com\/embed\/LsCrLMUtyGY?feature=oembed\" frameborder=\"0\" allow=\"accelerometer; autoplay; clipboard-write; encrypted-media; gyroscope; picture-in-picture; web-share\" referrerpolicy=\"strict-origin-when-cross-origin\" allowfullscreen><\/iframe><\/div>\n\t\t<\/div>\n\t<\/div>\n<\/div><\/div><\/div><\/div>\n<\/div>","protected":false},"excerpt":{"rendered":"","protected":false},"author":1,"featured_media":0,"parent":0,"menu_order":0,"comment_status":"closed","ping_status":"open","template":"","meta":{"footnotes":""},"class_list":["post-2","page","type-page","status-publish","hentry"],"_links":{"self":[{"href":"https:\/\/fashionbusinessmanagement.com\/en\/wp-json\/wp\/v2\/pages\/2","targetHints":{"allow":["GET"]}}],"collection":[{"href":"https:\/\/fashionbusinessmanagement.com\/en\/wp-json\/wp\/v2\/pages"}],"about":[{"href":"https:\/\/fashionbusinessmanagement.com\/en\/wp-json\/wp\/v2\/types\/page"}],"author":[{"embeddable":true,"href":"https:\/\/fashionbusinessmanagement.com\/en\/wp-json\/wp\/v2\/users\/1"}],"replies":[{"embeddable":true,"href":"https:\/\/fashionbusinessmanagement.com\/en\/wp-json\/wp\/v2\/comments?post=2"}],"version-history":[{"count":6,"href":"https:\/\/fashionbusinessmanagement.com\/en\/wp-json\/wp\/v2\/pages\/2\/revisions"}],"predecessor-version":[{"id":1001,"href":"https:\/\/fashionbusinessmanagement.com\/en\/wp-json\/wp\/v2\/pages\/2\/revisions\/1001"}],"wp:attachment":[{"href":"https:\/\/fashionbusinessmanagement.com\/en\/wp-json\/wp\/v2\/media?parent=2"}],"curies":[{"name":"wp","href":"https:\/\/api.w.org\/{rel}","templated":true}]}}